{"id":48,"date":"2016-05-31T10:28:39","date_gmt":"2016-05-31T09:28:39","guid":{"rendered":"http:\/\/www.ecce-bet.com\/?page_id=48"},"modified":"2019-07-25T14:52:23","modified_gmt":"2019-07-25T13:52:23","slug":"contact","status":"publish","type":"page","link":"http:\/\/www.ecce-bet.com\/index.php\/contact\/","title":{"rendered":"CONTACT"},"content":{"rendered":"<p>Nous contacter<\/p>\n<p>N\u2019h\u00e9sitez pas \u00e0 nous appeler pour obtenir des informations suppl\u00e9mentaires sur nos services<\/p>\n<p><strong>ECCE E<\/strong>tude <strong>C<\/strong>onception <strong>C<\/strong>onseil <strong>E<\/strong>lectricit\u00e9<\/p>\n<p>75 chemin des fontanettes<\/p>\n<p>73270 Beaufort\/Doron<\/p>\n<p>Fixe : +33 (0)4 79 10 77 72<\/p>\n<p>Mail : <a href=\"mailto:contact@ecce-bet.com\">contact@ecce-bet.com<\/a><\/p>\n<p>&nbsp;<\/p>\n","protected":false},"excerpt":{"rendered":"<p>Nous contacter N\u2019h\u00e9sitez pas \u00e0 nous appeler pour obtenir des informations suppl\u00e9mentaires sur nos services ECCE Etude Conception Conseil Electricit\u00e9 75 chemin des fontanettes 73270 Beaufort\/Doron Fixe : +33 (0)4 79 10 77 72 Mail : contact@ecce-bet.com &nbsp;<\/p>\n","protected":false},"author":1,"featured_media":7,"parent":0,"menu_order":5,"comment_status":"closed","ping_status":"closed","template":"custom-page.php","meta":{"footnotes":""},"class_list":["post-48","page","type-page","status-publish","has-post-thumbnail","czr-hentry"],"_links":{"self":[{"href":"http:\/\/www.ecce-bet.com\/index.php\/wp-json\/wp\/v2\/pages\/48"}],"collection":[{"href":"http:\/\/www.ecce-bet.com\/index.php\/wp-json\/wp\/v2\/pages"}],"about":[{"href":"http:\/\/www.ecce-bet.com\/index.php\/wp-json\/wp\/v2\/types\/page"}],"author":[{"embeddable":true,"href":"http:\/\/www.ecce-bet.com\/index.php\/wp-json\/wp\/v2\/users\/1"}],"replies":[{"embeddable":true,"href":"http:\/\/www.ecce-bet.com\/index.php\/wp-json\/wp\/v2\/comments?post=48"}],"version-history":[{"count":6,"href":"http:\/\/www.ecce-bet.com\/index.php\/wp-json\/wp\/v2\/pages\/48\/revisions"}],"predecessor-version":[{"id":128,"href":"http:\/\/www.ecce-bet.com\/index.php\/wp-json\/wp\/v2\/pages\/48\/revisions\/128"}],"wp:featuredmedia":[{"embeddable":true,"href":"http:\/\/www.ecce-bet.com\/index.php\/wp-json\/wp\/v2\/media\/7"}],"wp:attachment":[{"href":"http:\/\/www.ecce-bet.com\/index.php\/wp-json\/wp\/v2\/media?parent=48"}],"curies":[{"name":"wp","href":"https:\/\/api.w.org\/{rel}","templated":true}]}}