{"id":40,"date":"2016-05-31T10:20:15","date_gmt":"2016-05-31T09:20:15","guid":{"rendered":"http:\/\/www.ecce-bet.com\/?page_id=40"},"modified":"2016-05-31T10:48:29","modified_gmt":"2016-05-31T09:48:29","slug":"conception","status":"publish","type":"page","link":"http:\/\/www.ecce-bet.com\/index.php\/conception\/","title":{"rendered":"CONCEPTION"},"content":{"rendered":"<h2><b>DOMAINE DE\u00a0COMP\u00c9TENCE\u00a0:<\/b><\/h2>\n<h2><img loading=\"lazy\" decoding=\"async\" class=\"alignnone wp-image-43\" src=\"http:\/\/www.ecce-bet.com\/wp-content\/uploads\/2016\/05\/Sans-titre-300x207.jpg\" alt=\"Sans titre\" width=\"377\" height=\"260\" srcset=\"http:\/\/www.ecce-bet.com\/wp-content\/uploads\/2016\/05\/Sans-titre-300x207.jpg 300w, http:\/\/www.ecce-bet.com\/wp-content\/uploads\/2016\/05\/Sans-titre-768x529.jpg 768w, http:\/\/www.ecce-bet.com\/wp-content\/uploads\/2016\/05\/Sans-titre-1024x705.jpg 1024w, http:\/\/www.ecce-bet.com\/wp-content\/uploads\/2016\/05\/Sans-titre.jpg 1767w\" sizes=\"(max-width: 377px) 100vw, 377px\" \/><\/h2>\n<h2>AVANT PROJET<\/h2>\n<p>Accompagnement de la ma\u00eetrise d\u2019\u0153uvre dans la d\u00e9finition des budgets et des sp\u00e9cificit\u00e9s techniques du b\u00e2timent en cours de conception.<\/p>\n<p>Contraintes technique du b\u00e2timent, Contraintes de co\u00fbt par rapport aux prestations demand\u00e9es par le ma\u00eetre d\u2019ouvrage.<\/p>\n<p>&nbsp;<\/p>\n<h2>APPEL D&#8217;OFFRES<\/h2>\n<p>R\u00e9alisation des pi\u00e8ces \u00e9crites et plans d\u2019implantations \u00e9lectriques\u00a0en respect des normes en vigueur et des demandes du client par rapport \u00e0 l\u2019usage du site.<\/p>\n<p>&nbsp;<\/p>\n<p>&nbsp;<\/p>\n","protected":false},"excerpt":{"rendered":"<p>DOMAINE DE\u00a0COMP\u00c9TENCE\u00a0: AVANT PROJET Accompagnement de la ma\u00eetrise d\u2019\u0153uvre dans la d\u00e9finition des budgets et des sp\u00e9cificit\u00e9s techniques du b\u00e2timent en cours de conception. Contraintes technique du b\u00e2timent, Contraintes de co\u00fbt par rapport aux prestations demand\u00e9es par le ma\u00eetre d\u2019ouvrage. &nbsp; APPEL D&#8217;OFFRES R\u00e9alisation des pi\u00e8ces \u00e9crites et plans d\u2019implantations \u00e9lectriques\u00a0en respect des normes en [&hellip;]<\/p>\n","protected":false},"author":1,"featured_media":0,"parent":0,"menu_order":3,"comment_status":"closed","ping_status":"closed","template":"custom-page.php","meta":{"footnotes":""},"class_list":["post-40","page","type-page","status-publish","czr-hentry"],"_links":{"self":[{"href":"http:\/\/www.ecce-bet.com\/index.php\/wp-json\/wp\/v2\/pages\/40"}],"collection":[{"href":"http:\/\/www.ecce-bet.com\/index.php\/wp-json\/wp\/v2\/pages"}],"about":[{"href":"http:\/\/www.ecce-bet.com\/index.php\/wp-json\/wp\/v2\/types\/page"}],"author":[{"embeddable":true,"href":"http:\/\/www.ecce-bet.com\/index.php\/wp-json\/wp\/v2\/users\/1"}],"replies":[{"embeddable":true,"href":"http:\/\/www.ecce-bet.com\/index.php\/wp-json\/wp\/v2\/comments?post=40"}],"version-history":[{"count":4,"href":"http:\/\/www.ecce-bet.com\/index.php\/wp-json\/wp\/v2\/pages\/40\/revisions"}],"predecessor-version":[{"id":63,"href":"http:\/\/www.ecce-bet.com\/index.php\/wp-json\/wp\/v2\/pages\/40\/revisions\/63"}],"wp:attachment":[{"href":"http:\/\/www.ecce-bet.com\/index.php\/wp-json\/wp\/v2\/media?parent=40"}],"curies":[{"name":"wp","href":"https:\/\/api.w.org\/{rel}","templated":true}]}}