{"id":35,"date":"2016-05-31T09:59:44","date_gmt":"2016-05-31T08:59:44","guid":{"rendered":"http:\/\/www.ecce-bet.com\/?page_id=35"},"modified":"2016-05-31T10:30:52","modified_gmt":"2016-05-31T09:30:52","slug":"etude","status":"publish","type":"page","link":"http:\/\/www.ecce-bet.com\/index.php\/etude\/","title":{"rendered":"ETUDE"},"content":{"rendered":"<h2><b>Etudes EXECUTION<\/b><\/h2>\n<p>R\u00e9alisation des plans d\u2019ex\u00e9cutions pour le compte des entreprises installatrices dans le respect du cahier des charges mais force de proposition pour une logique \u00e9conomiste des projets:<\/p>\n<p>Plans CFO\/Cfa<\/p>\n<p>&#8211; R\u00e9alisation de plans d\u2019armoires \u00e9lectriques<\/p>\n<p>&#8211; R\u00e9alisation des\u00a0 plans de circuitages et num\u00e9rotations de c\u00e2bles<\/p>\n<p>&#8211; Plans de baie informatiques issu des plans de circuitage<\/p>\n<p>&#8211; \u2026&#8230;<\/p>\n<p>Nos atouts :<\/p>\n<ul>\n<li>Un statut d&#8217;ind\u00e9pendance, garant d&#8217;une v\u00e9ritable \u00e9thique professionnelle<\/li>\n<li>Une vision \u00e9conomiste des projets. Trouver l\u2019ad\u00e9quation entre les besoins et les budgets.<\/li>\n<li>Une vision terrain des projets avec des visites sur site<\/li>\n<li>Une approche de proximit\u00e9, pour une ma\u00eetrise des probl\u00e9matiques locales<\/li>\n<\/ul>\n<p>&nbsp;<\/p>\n","protected":false},"excerpt":{"rendered":"<p>Etudes EXECUTION R\u00e9alisation des plans d\u2019ex\u00e9cutions pour le compte des entreprises installatrices dans le respect du cahier des charges mais force de proposition pour une logique \u00e9conomiste des projets: Plans CFO\/Cfa &#8211; R\u00e9alisation de plans d\u2019armoires \u00e9lectriques &#8211; R\u00e9alisation des\u00a0 plans de circuitages et num\u00e9rotations de c\u00e2bles &#8211; Plans de baie informatiques issu des plans [&hellip;]<\/p>\n","protected":false},"author":1,"featured_media":7,"parent":0,"menu_order":2,"comment_status":"closed","ping_status":"closed","template":"","meta":{"footnotes":""},"class_list":["post-35","page","type-page","status-publish","has-post-thumbnail","czr-hentry"],"_links":{"self":[{"href":"http:\/\/www.ecce-bet.com\/index.php\/wp-json\/wp\/v2\/pages\/35"}],"collection":[{"href":"http:\/\/www.ecce-bet.com\/index.php\/wp-json\/wp\/v2\/pages"}],"about":[{"href":"http:\/\/www.ecce-bet.com\/index.php\/wp-json\/wp\/v2\/types\/page"}],"author":[{"embeddable":true,"href":"http:\/\/www.ecce-bet.com\/index.php\/wp-json\/wp\/v2\/users\/1"}],"replies":[{"embeddable":true,"href":"http:\/\/www.ecce-bet.com\/index.php\/wp-json\/wp\/v2\/comments?post=35"}],"version-history":[{"count":3,"href":"http:\/\/www.ecce-bet.com\/index.php\/wp-json\/wp\/v2\/pages\/35\/revisions"}],"predecessor-version":[{"id":39,"href":"http:\/\/www.ecce-bet.com\/index.php\/wp-json\/wp\/v2\/pages\/35\/revisions\/39"}],"wp:featuredmedia":[{"embeddable":true,"href":"http:\/\/www.ecce-bet.com\/index.php\/wp-json\/wp\/v2\/media\/7"}],"wp:attachment":[{"href":"http:\/\/www.ecce-bet.com\/index.php\/wp-json\/wp\/v2\/media?parent=35"}],"curies":[{"name":"wp","href":"https:\/\/api.w.org\/{rel}","templated":true}]}}