{"id":170,"date":"2021-07-26T09:32:02","date_gmt":"2021-07-26T08:32:02","guid":{"rendered":"http:\/\/www.ecce-bet.com\/?page_id=170"},"modified":"2023-12-18T09:23:19","modified_gmt":"2023-12-18T08:23:19","slug":"les-jardins-de-peisey","status":"publish","type":"page","link":"http:\/\/www.ecce-bet.com\/index.php\/projet-en-cours\/les-jardins-de-peisey\/","title":{"rendered":"LA COUR AUX ECUREUILS"},"content":{"rendered":"<p><img loading=\"lazy\" decoding=\"async\" class=\"alignnone wp-image-172\" src=\"http:\/\/www.ecce-bet.com\/wp-content\/uploads\/2021\/07\/plan-peisey-300x172.jpg\" alt=\"plan peisey\" width=\"400\" height=\"229\" srcset=\"http:\/\/www.ecce-bet.com\/wp-content\/uploads\/2021\/07\/plan-peisey-300x172.jpg 300w, http:\/\/www.ecce-bet.com\/wp-content\/uploads\/2021\/07\/plan-peisey-768x439.jpg 768w, http:\/\/www.ecce-bet.com\/wp-content\/uploads\/2021\/07\/plan-peisey.jpg 885w\" sizes=\"(max-width: 400px) 100vw, 400px\" \/><\/p>\n<p>D\u00e9signation \/ commune : R\u00e9sidence de tourisme LA COUR AUX ECUREUILS.\u00a0 Commune de Peisey-NANCROIX<\/p>\n<p>Ma\u00eetre d\u2019ouvrage\u00a0: SOTARBAT PROMOTION<\/p>\n<p>Architecte\u00a0: Cabinet PLEXUS<\/p>\n<p>Livraison\u00a0: 2022<\/p>\n<p>Le projet comporte 52 logements de type location touristique saisonnier sur trois ailes de b\u00e2timent d\u00e9nomm\u00e9s A B et C.<\/p>\n<p>La r\u00e9sidence est \u00e9quip\u00e9e d\u2019un parking souterrain au niveau -1 0 et 1, d\u2019un accueil, d\u2019un Espace fitness-spa-piscine au niveau 0, d\u2019un espace s\u00e9minaire au niveau 1, locaux \u00e0 ski et local club ado au niveau 2.<\/p>\n<p>Le projet est class\u00e9 en ERP de type O, L, X, PS de 4\u00e8me cat\u00e9gorie<\/p>\n<p>Courants Forts \/ courants Faibles \/ SSI<\/p>\n<p>Mission de BASE + EXE<\/p>\n<p>\u00a0<\/p>\n\n\n<figure class=\"wp-block-image\"><img loading=\"lazy\" decoding=\"async\" width=\"440\" height=\"435\" src=\"https:\/\/www.ecce-bet.com\/wp-content\/uploads\/2023\/12\/lcae-piscine1-440x435.jpg\" alt=\"\" class=\"wp-image-313\" srcset=\"http:\/\/www.ecce-bet.com\/wp-content\/uploads\/2023\/12\/lcae-piscine1-440x435.jpg 440w, http:\/\/www.ecce-bet.com\/wp-content\/uploads\/2023\/12\/lcae-piscine1-440x435-300x297.jpg 300w\" sizes=\"(max-width: 440px) 100vw, 440px\" \/><\/figure>\n\n\n\n<figure class=\"wp-block-image\"><img loading=\"lazy\" decoding=\"async\" width=\"752\" height=\"500\" src=\"https:\/\/www.ecce-bet.com\/wp-content\/uploads\/2023\/12\/lcae-5ch10-1-0x500-1.jpg\" alt=\"\" class=\"wp-image-314\" srcset=\"http:\/\/www.ecce-bet.com\/wp-content\/uploads\/2023\/12\/lcae-5ch10-1-0x500-1.jpg 752w, http:\/\/www.ecce-bet.com\/wp-content\/uploads\/2023\/12\/lcae-5ch10-1-0x500-1-300x199.jpg 300w\" sizes=\"(max-width: 752px) 100vw, 752px\" \/><\/figure>\n\n\n\n<figure class=\"wp-block-image\"><img loading=\"lazy\" decoding=\"async\" width=\"440\" height=\"349\" src=\"https:\/\/www.ecce-bet.com\/wp-content\/uploads\/2023\/12\/lcae-5ch10-6-440x350.jpg\" alt=\"\" class=\"wp-image-315\" srcset=\"http:\/\/www.ecce-bet.com\/wp-content\/uploads\/2023\/12\/lcae-5ch10-6-440x350.jpg 440w, http:\/\/www.ecce-bet.com\/wp-content\/uploads\/2023\/12\/lcae-5ch10-6-440x350-300x238.jpg 300w\" sizes=\"(max-width: 440px) 100vw, 440px\" \/><\/figure>\n\n\n\n<figure class=\"wp-block-image\"><img loading=\"lazy\" decoding=\"async\" width=\"440\" height=\"435\" src=\"https:\/\/www.ecce-bet.com\/wp-content\/uploads\/2023\/12\/lcae-douche-cascade-440x435.jpg\" alt=\"\" class=\"wp-image-316\" srcset=\"http:\/\/www.ecce-bet.com\/wp-content\/uploads\/2023\/12\/lcae-douche-cascade-440x435.jpg 440w, http:\/\/www.ecce-bet.com\/wp-content\/uploads\/2023\/12\/lcae-douche-cascade-440x435-300x297.jpg 300w\" sizes=\"(max-width: 440px) 100vw, 440px\" \/><\/figure>\n","protected":false},"excerpt":{"rendered":"<p>D\u00e9signation \/ commune : R\u00e9sidence de tourisme LA COUR AUX ECUREUILS.\u00a0 Commune de Peisey-NANCROIX Ma\u00eetre d\u2019ouvrage\u00a0: SOTARBAT PROMOTION Architecte\u00a0: Cabinet PLEXUS Livraison\u00a0: 2022 Le projet comporte 52 logements de type location touristique saisonnier sur trois ailes de b\u00e2timent d\u00e9nomm\u00e9s A B et C. La r\u00e9sidence est \u00e9quip\u00e9e d\u2019un parking souterrain au niveau -1 0 et [&hellip;]<\/p>\n","protected":false},"author":1,"featured_media":0,"parent":81,"menu_order":0,"comment_status":"closed","ping_status":"closed","template":"","meta":{"footnotes":""},"class_list":["post-170","page","type-page","status-publish","czr-hentry"],"_links":{"self":[{"href":"http:\/\/www.ecce-bet.com\/index.php\/wp-json\/wp\/v2\/pages\/170"}],"collection":[{"href":"http:\/\/www.ecce-bet.com\/index.php\/wp-json\/wp\/v2\/pages"}],"about":[{"href":"http:\/\/www.ecce-bet.com\/index.php\/wp-json\/wp\/v2\/types\/page"}],"author":[{"embeddable":true,"href":"http:\/\/www.ecce-bet.com\/index.php\/wp-json\/wp\/v2\/users\/1"}],"replies":[{"embeddable":true,"href":"http:\/\/www.ecce-bet.com\/index.php\/wp-json\/wp\/v2\/comments?post=170"}],"version-history":[{"count":3,"href":"http:\/\/www.ecce-bet.com\/index.php\/wp-json\/wp\/v2\/pages\/170\/revisions"}],"predecessor-version":[{"id":318,"href":"http:\/\/www.ecce-bet.com\/index.php\/wp-json\/wp\/v2\/pages\/170\/revisions\/318"}],"up":[{"embeddable":true,"href":"http:\/\/www.ecce-bet.com\/index.php\/wp-json\/wp\/v2\/pages\/81"}],"wp:attachment":[{"href":"http:\/\/www.ecce-bet.com\/index.php\/wp-json\/wp\/v2\/media?parent=170"}],"curies":[{"name":"wp","href":"https:\/\/api.w.org\/{rel}","templated":true}]}}