{"id":157,"date":"2021-07-26T09:14:18","date_gmt":"2021-07-26T08:14:18","guid":{"rendered":"http:\/\/www.ecce-bet.com\/?page_id=157"},"modified":"2022-12-08T09:54:48","modified_gmt":"2022-12-08T08:54:48","slug":"hotel-de-la-roche","status":"publish","type":"page","link":"http:\/\/www.ecce-bet.com\/index.php\/projet-en-cours\/hotel-de-la-roche\/","title":{"rendered":"HOTEL DE LA ROCHE"},"content":{"rendered":"<p><img loading=\"lazy\" decoding=\"async\" class=\"alignnone size-medium wp-image-158\" src=\"http:\/\/www.ecce-bet.com\/wp-content\/uploads\/2021\/07\/hotel-de-la-roche-300x207.jpg\" alt=\"hotel de la roche\" width=\"300\" height=\"207\" srcset=\"http:\/\/www.ecce-bet.com\/wp-content\/uploads\/2021\/07\/hotel-de-la-roche-300x207.jpg 300w, http:\/\/www.ecce-bet.com\/wp-content\/uploads\/2021\/07\/hotel-de-la-roche.jpg 521w\" sizes=\"(max-width: 300px) 100vw, 300px\" \/><\/p>\n<p>D\u00e9signation \/ commune\u00a0: HOTEL DE LA ROCHE.\u00a0 Commune de BEAUFORT\/DORON<\/p>\n<p>Ma\u00eetre d\u2019ouvrage\u00a0: SCI DE LA ROCHE<\/p>\n<p>Architecte\u00a0: BERNARD DURAND architecte<\/p>\n<p>Livraison\u00a0: 2022<\/p>\n<p>R\u00e9novation d\u2019un h\u00f4tel existant avec extension dans le bourg de BEAUFORT sur DORON.<\/p>\n<p>Le projet comporte un h\u00f4tel de 41 chambres avec 4 \u00e9tages sur rez-de-chauss\u00e9e et un niveau de sous-sol. Un restaurant au niveau 0 et un espace bien-\u00eatre SPA au niveau 1 ainsi qu\u2019un espace s\u00e9minaire \u00e9galement au niveau 1.<\/p>\n<p>Courants Forts \/ courants Faibles \/ SSI<\/p>\n<p>Mission de BASE + EXE<\/p>\n<p>&nbsp;<\/p>\n","protected":false},"excerpt":{"rendered":"<p>D\u00e9signation \/ commune\u00a0: HOTEL DE LA ROCHE.\u00a0 Commune de BEAUFORT\/DORON Ma\u00eetre d\u2019ouvrage\u00a0: SCI DE LA ROCHE Architecte\u00a0: BERNARD DURAND architecte Livraison\u00a0: 2022 R\u00e9novation d\u2019un h\u00f4tel existant avec extension dans le bourg de BEAUFORT sur DORON. Le projet comporte un h\u00f4tel de 41 chambres avec 4 \u00e9tages sur rez-de-chauss\u00e9e et un niveau de sous-sol. Un restaurant [&hellip;]<\/p>\n","protected":false},"author":1,"featured_media":0,"parent":81,"menu_order":0,"comment_status":"closed","ping_status":"closed","template":"","meta":{"footnotes":""},"class_list":["post-157","page","type-page","status-publish","czr-hentry"],"_links":{"self":[{"href":"http:\/\/www.ecce-bet.com\/index.php\/wp-json\/wp\/v2\/pages\/157"}],"collection":[{"href":"http:\/\/www.ecce-bet.com\/index.php\/wp-json\/wp\/v2\/pages"}],"about":[{"href":"http:\/\/www.ecce-bet.com\/index.php\/wp-json\/wp\/v2\/types\/page"}],"author":[{"embeddable":true,"href":"http:\/\/www.ecce-bet.com\/index.php\/wp-json\/wp\/v2\/users\/1"}],"replies":[{"embeddable":true,"href":"http:\/\/www.ecce-bet.com\/index.php\/wp-json\/wp\/v2\/comments?post=157"}],"version-history":[{"count":4,"href":"http:\/\/www.ecce-bet.com\/index.php\/wp-json\/wp\/v2\/pages\/157\/revisions"}],"predecessor-version":[{"id":169,"href":"http:\/\/www.ecce-bet.com\/index.php\/wp-json\/wp\/v2\/pages\/157\/revisions\/169"}],"up":[{"embeddable":true,"href":"http:\/\/www.ecce-bet.com\/index.php\/wp-json\/wp\/v2\/pages\/81"}],"wp:attachment":[{"href":"http:\/\/www.ecce-bet.com\/index.php\/wp-json\/wp\/v2\/media?parent=157"}],"curies":[{"name":"wp","href":"https:\/\/api.w.org\/{rel}","templated":true}]}}