{"id":112,"date":"2018-03-21T19:03:50","date_gmt":"2018-03-21T18:03:50","guid":{"rendered":"http:\/\/www.ecce-bet.com\/?page_id=112"},"modified":"2018-03-21T19:03:53","modified_gmt":"2018-03-21T18:03:53","slug":"ilot-ancien-hopital","status":"publish","type":"page","link":"http:\/\/www.ecce-bet.com\/index.php\/projet-en-cours\/ilot-ancien-hopital\/","title":{"rendered":"ILOT ANCIEN HOPITAL"},"content":{"rendered":"<p><img loading=\"lazy\" decoding=\"async\" class=\"alignnone size-full wp-image-73\" src=\"http:\/\/www.ecce-bet.com\/wp-content\/uploads\/2018\/03\/Ancien-quartier-hopital.jpg\" alt=\"Ancien quartier hopital\" width=\"533\" height=\"290\" srcset=\"http:\/\/www.ecce-bet.com\/wp-content\/uploads\/2018\/03\/Ancien-quartier-hopital.jpg 533w, http:\/\/www.ecce-bet.com\/wp-content\/uploads\/2018\/03\/Ancien-quartier-hopital-300x163.jpg 300w\" sizes=\"(max-width: 533px) 100vw, 533px\" \/><\/p>\n<p>D\u00e9signation \/ commune\u00a0: Ilot ancien h\u00f4pital.\u00a0 Commune de BOURG SAINT MAURICE<\/p>\n<p>Ma\u00eetre d\u2019ouvrage\u00a0: SOTARBAT PROMOTION<\/p>\n<p>Architecte\u00a0: ATELIER PLEXUS<\/p>\n<p>Livraison\u00a0: 2018<\/p>\n<p>Am\u00e9nagement de l\u2019ilot de l\u2019ancien h\u00f4pital de Bourg Saint Maurice.<\/p>\n<p>Copropri\u00e9t\u00e9 de 47 logements \u00ab\u00a0les campanules\u00a0\u00bb<\/p>\n<p>R\u00e9sidence s\u00e9nior de 57 appartements pour le compte de la SEMCODA<\/p>\n<p>Un parking souterrain de 165 places e<\/p>\n<p>Des locaux livr\u00e9s Brut pour une m\u00e9diath\u00e8que, une maison de la musique, un local associatif et un local tertiaire.<\/p>\n<p>Courants Forts \/ courants Faibles \/ Coordination SSI<\/p>\n<p>Mission de BASE + EXE<\/p>\n<p>&nbsp;<\/p>\n","protected":false},"excerpt":{"rendered":"<p>D\u00e9signation \/ commune\u00a0: Ilot ancien h\u00f4pital.\u00a0 Commune de BOURG SAINT MAURICE Ma\u00eetre d\u2019ouvrage\u00a0: SOTARBAT PROMOTION Architecte\u00a0: ATELIER PLEXUS Livraison\u00a0: 2018 Am\u00e9nagement de l\u2019ilot de l\u2019ancien h\u00f4pital de Bourg Saint Maurice. Copropri\u00e9t\u00e9 de 47 logements \u00ab\u00a0les campanules\u00a0\u00bb R\u00e9sidence s\u00e9nior de 57 appartements pour le compte de la SEMCODA Un parking souterrain de 165 places e Des [&hellip;]<\/p>\n","protected":false},"author":1,"featured_media":0,"parent":81,"menu_order":5,"comment_status":"closed","ping_status":"closed","template":"","meta":{"footnotes":""},"class_list":["post-112","page","type-page","status-publish","czr-hentry"],"_links":{"self":[{"href":"http:\/\/www.ecce-bet.com\/index.php\/wp-json\/wp\/v2\/pages\/112"}],"collection":[{"href":"http:\/\/www.ecce-bet.com\/index.php\/wp-json\/wp\/v2\/pages"}],"about":[{"href":"http:\/\/www.ecce-bet.com\/index.php\/wp-json\/wp\/v2\/types\/page"}],"author":[{"embeddable":true,"href":"http:\/\/www.ecce-bet.com\/index.php\/wp-json\/wp\/v2\/users\/1"}],"replies":[{"embeddable":true,"href":"http:\/\/www.ecce-bet.com\/index.php\/wp-json\/wp\/v2\/comments?post=112"}],"version-history":[{"count":2,"href":"http:\/\/www.ecce-bet.com\/index.php\/wp-json\/wp\/v2\/pages\/112\/revisions"}],"predecessor-version":[{"id":114,"href":"http:\/\/www.ecce-bet.com\/index.php\/wp-json\/wp\/v2\/pages\/112\/revisions\/114"}],"up":[{"embeddable":true,"href":"http:\/\/www.ecce-bet.com\/index.php\/wp-json\/wp\/v2\/pages\/81"}],"wp:attachment":[{"href":"http:\/\/www.ecce-bet.com\/index.php\/wp-json\/wp\/v2\/media?parent=112"}],"curies":[{"name":"wp","href":"https:\/\/api.w.org\/{rel}","templated":true}]}}