{"id":106,"date":"2018-03-21T19:00:28","date_gmt":"2018-03-21T18:00:28","guid":{"rendered":"http:\/\/www.ecce-bet.com\/?page_id=106"},"modified":"2023-03-08T15:50:01","modified_gmt":"2023-03-08T14:50:01","slug":"le-hameau-des-oursons","status":"publish","type":"page","link":"http:\/\/www.ecce-bet.com\/index.php\/projet-en-cours\/le-hameau-des-oursons\/","title":{"rendered":"Le HAMEAU DES OURSONS"},"content":{"rendered":"<p><img loading=\"lazy\" decoding=\"async\" class=\"alignnone size-full wp-image-124\" src=\"http:\/\/www.ecce-bet.com\/wp-content\/uploads\/2018\/04\/LE-hameau-des-oursons.jpg\" alt=\"LE hameau des oursons\" width=\"1235\" height=\"562\" srcset=\"http:\/\/www.ecce-bet.com\/wp-content\/uploads\/2018\/04\/LE-hameau-des-oursons.jpg 1235w, http:\/\/www.ecce-bet.com\/wp-content\/uploads\/2018\/04\/LE-hameau-des-oursons-300x137.jpg 300w, http:\/\/www.ecce-bet.com\/wp-content\/uploads\/2018\/04\/LE-hameau-des-oursons-768x349.jpg 768w, http:\/\/www.ecce-bet.com\/wp-content\/uploads\/2018\/04\/LE-hameau-des-oursons-1024x466.jpg 1024w\" sizes=\"(max-width: 1235px) 100vw, 1235px\" \/><\/p>\n<p>D\u00e9signation \/ commune\u00a0: R\u00e9sidence Le HAMEAU DES OURSONS les ARCS 1950.\u00a0 Commune de BOURG SAINT MAURICE<\/p>\n<p>Ma\u00eetre d\u2019ouvrage\u00a0: IOGNA FINANCES<\/p>\n<p>Architecte\u00a0: ATELIER PLEXUS<\/p>\n<p>Livraison\u00a0: 2021<\/p>\n<p>Complexe r\u00e9sidence de tourisme <strong>le Hameau des Oursons<\/strong> dans la station de ski des ARCS1950 sur la commune de Bourg Saint Maurice en Savoie.<\/p>\n<ul>\n<li>B\u00e2timent A\u00a0: Une r\u00e9sidence h\u00f4teli\u00e8re g\u00e9r\u00e9e par l\u2019exploitant VIP-SKI.\n<ul>\n<li>30 chambres clients<\/li>\n<li>12 appartements<\/li>\n<li>18 chambres du personnel (chambre au niveau 2 3 et 5)<\/li>\n<li>Espace fitness-spa-piscine au niveau 0<\/li>\n<li>ACCUEIL niveau 0<\/li>\n<li>SALON BAR\/LOUNGE Niveau 1<\/li>\n<li>Local ski avec retour skieur au niveau 3<\/li>\n<li>Salle de r\u00e9union au niveau 3 et 4<\/li>\n<li>Restaurant au niveau 4 + Cuisine au niveau 0<\/li>\n<li>Cr\u00e8che au niveau 4<\/li>\n<\/ul>\n<\/li>\n<li>B\u00e2timent B\u00a0: r\u00e9sidence h\u00f4teli\u00e8re de 7 logements de type h\u00e9bergement touristique g\u00e9r\u00e9 par un exploitant \u00e0 d\u00e9finir qui sera commun avec le b\u00e2timent D.<\/li>\n<li>B\u00e2timent C\u00a0: copropri\u00e9t\u00e9 de 8 logements de type h\u00e9bergement saisonnier compl\u00e9tement ind\u00e9pendant des exploitations de type h\u00f4teli\u00e8res.<\/li>\n<li>RESIDENCE D\u00a0: r\u00e9sidence h\u00f4teli\u00e8re de 15 logements de type h\u00e9bergement touristique accol\u00e9 au b\u00e2timent A g\u00e9r\u00e9e par un exploitant \u00e0 d\u00e9finir qui sera commun avec le b\u00e2timent B<\/li>\n<\/ul>\n<p>Courants Forts \/ courants Faibles<\/p>\n<p>Mission de BASE + EXE<\/p>\n<p><img loading=\"lazy\" decoding=\"async\" class=\"alignnone size-medium wp-image-259\" src=\"http:\/\/www.ecce-bet.com\/wp-content\/uploads\/2023\/03\/oursons-1-300x200.jpg\" alt=\"\" width=\"300\" height=\"200\" srcset=\"http:\/\/www.ecce-bet.com\/wp-content\/uploads\/2023\/03\/oursons-1-300x200.jpg 300w, http:\/\/www.ecce-bet.com\/wp-content\/uploads\/2023\/03\/oursons-1.jpg 680w\" sizes=\"(max-width: 300px) 100vw, 300px\" \/> <img loading=\"lazy\" decoding=\"async\" class=\"alignnone size-medium wp-image-260\" src=\"http:\/\/www.ecce-bet.com\/wp-content\/uploads\/2023\/03\/oursons2-300x200.jpg\" alt=\"\" width=\"300\" height=\"200\" srcset=\"http:\/\/www.ecce-bet.com\/wp-content\/uploads\/2023\/03\/oursons2-300x200.jpg 300w, http:\/\/www.ecce-bet.com\/wp-content\/uploads\/2023\/03\/oursons2.jpg 680w\" sizes=\"(max-width: 300px) 100vw, 300px\" \/> <img loading=\"lazy\" decoding=\"async\" class=\"alignnone size-medium wp-image-261\" src=\"http:\/\/www.ecce-bet.com\/wp-content\/uploads\/2023\/03\/oursons3-198x300.jpg\" alt=\"\" width=\"198\" height=\"300\" srcset=\"http:\/\/www.ecce-bet.com\/wp-content\/uploads\/2023\/03\/oursons3-198x300.jpg 198w, http:\/\/www.ecce-bet.com\/wp-content\/uploads\/2023\/03\/oursons3.jpg 340w\" sizes=\"(max-width: 198px) 100vw, 198px\" \/> <img loading=\"lazy\" decoding=\"async\" class=\"alignnone size-medium wp-image-262\" src=\"http:\/\/www.ecce-bet.com\/wp-content\/uploads\/2023\/03\/oursons4-300x228.jpg\" alt=\"\" width=\"300\" height=\"228\" srcset=\"http:\/\/www.ecce-bet.com\/wp-content\/uploads\/2023\/03\/oursons4-300x228.jpg 300w, http:\/\/www.ecce-bet.com\/wp-content\/uploads\/2023\/03\/oursons4.jpg 680w\" sizes=\"(max-width: 300px) 100vw, 300px\" \/><\/p>\n","protected":false},"excerpt":{"rendered":"<p>D\u00e9signation \/ commune\u00a0: R\u00e9sidence Le HAMEAU DES OURSONS les ARCS 1950.\u00a0 Commune de BOURG SAINT MAURICE Ma\u00eetre d\u2019ouvrage\u00a0: IOGNA FINANCES Architecte\u00a0: ATELIER PLEXUS Livraison\u00a0: 2021 Complexe r\u00e9sidence de tourisme le Hameau des Oursons dans la station de ski des ARCS1950 sur la commune de Bourg Saint Maurice en Savoie. B\u00e2timent A\u00a0: Une r\u00e9sidence h\u00f4teli\u00e8re g\u00e9r\u00e9e [&hellip;]<\/p>\n","protected":false},"author":1,"featured_media":0,"parent":81,"menu_order":0,"comment_status":"closed","ping_status":"closed","template":"","meta":{"footnotes":""},"class_list":["post-106","page","type-page","status-publish","czr-hentry"],"_links":{"self":[{"href":"http:\/\/www.ecce-bet.com\/index.php\/wp-json\/wp\/v2\/pages\/106"}],"collection":[{"href":"http:\/\/www.ecce-bet.com\/index.php\/wp-json\/wp\/v2\/pages"}],"about":[{"href":"http:\/\/www.ecce-bet.com\/index.php\/wp-json\/wp\/v2\/types\/page"}],"author":[{"embeddable":true,"href":"http:\/\/www.ecce-bet.com\/index.php\/wp-json\/wp\/v2\/users\/1"}],"replies":[{"embeddable":true,"href":"http:\/\/www.ecce-bet.com\/index.php\/wp-json\/wp\/v2\/comments?post=106"}],"version-history":[{"count":4,"href":"http:\/\/www.ecce-bet.com\/index.php\/wp-json\/wp\/v2\/pages\/106\/revisions"}],"predecessor-version":[{"id":263,"href":"http:\/\/www.ecce-bet.com\/index.php\/wp-json\/wp\/v2\/pages\/106\/revisions\/263"}],"up":[{"embeddable":true,"href":"http:\/\/www.ecce-bet.com\/index.php\/wp-json\/wp\/v2\/pages\/81"}],"wp:attachment":[{"href":"http:\/\/www.ecce-bet.com\/index.php\/wp-json\/wp\/v2\/media?parent=106"}],"curies":[{"name":"wp","href":"https:\/\/api.w.org\/{rel}","templated":true}]}}